{"id":27,"date":"2022-05-12T09:37:12","date_gmt":"2022-05-12T07:37:12","guid":{"rendered":"https:\/\/atlantedelgiallo.unilink.it\/?page_id=27"},"modified":"2025-03-25T08:50:20","modified_gmt":"2025-03-25T07:50:20","slug":"la-mostra","status":"publish","type":"page","link":"https:\/\/atlantedelgiallo.unilink.it\/index.php\/la-mostra\/","title":{"rendered":""},"content":{"rendered":"<h4><strong><em><span style=\"color: #ffcc00;\">I SENSI DEL GIALLO. IL CORPO (DEL REATO) TRA INGANNO ED EVIDENZA<\/span><\/em><br \/><\/strong><strong>Universit\u00e0 IULM, Milano<\/strong><br \/><strong>Contemporary Exhibition Hall, IULM6<\/strong><br \/><strong>via Carlo Bo 7, 20143, Milano<\/strong><br \/><strong>14 Marzo &#8211; 10 Aprile 2025<\/strong><\/h4>\n<p>La mostra <em>I sensi del Giallo<\/em>, curata dall\u2019unit\u00e0 di ricerca IULM in collaborazione con le altre unit\u00e0 di Roma, Bologna e Torino, presenta i risultati delle ricerche condotte nell\u2019ambito del PRIN 2020 \u2013 <em>Atlante del Giallo. Storia dei media e cultura popolare in Italia (1954-2020)<\/em>.<\/p>\n<p>Il percorso espositivo valorizza la capacit\u00e0 del genere giallo di attraversare la storia culturale di molteplici media (dalla televisione al cinema, dalla letteratura al fumetto e alla radio) e privilegia la <span style=\"color: #000000;\"><strong>dimensione sensoriale<\/strong><\/span>, quell\u2019acuirsi dei sensi che connota le scene del crimine e dell\u2019investigazione, del processo e della pena, ma anche il loro sconfinamento nell\u2019extrasensoriale e nel paranormale.<\/p>\n<p>La mostra intende proporre un\u2019<span style=\"color: #000000;\"><strong>esperienza immersiva del giallo<\/strong><\/span>, capace di rievocarne le <strong>qualit\u00e0 estetiche e sensoriali<\/strong>, i temi, le scene e le figure. L\u2019allestimento comprende installazioni e ambienti mediali pensati come spazi emotivi e cognitivi in cui far dialogare i documenti e i pi\u00f9 tradizionali apparati testuali e paratestuali con oggetti e materiali realizzati per l\u2019occasione.<\/p>\n<p>La mostra \u00e8 infine intesa come luogo discorsivo di incontro tra diverse professionalit\u00e0 e approcci, pratici e teorici, al giallo, e si rivolge sia alla comunit\u00e0 scientifica e studentesca, sia a un pubblico di non addetti ai lavori, di cinefili e di appassionati del genere. Con questo obiettivo, a supporto dell\u2019esposizione un <em>public program<\/em> ospiter\u00e0 workshop, masterclass e talk con studiosi e operatori delle industrie creative, oltre che proiezioni di video saggi e film di montaggio realizzati per l\u2019occasione.<\/p>\n\n\n<div class=\"wp-block-buttons is-layout-flex wp-block-buttons-is-layout-flex\">\n<div class=\"wp-block-button\"><a class=\"wp-block-button__link has-luminous-vivid-amber-background-color has-background wp-element-button\" href=\"https:\/\/atlantedelgiallo.unilink.it\/wp-content\/uploads\/2025\/03\/0_FOGLIO-DI-SALA_21-x-297-cm_FRONTE-E-RETRO_SU-CARTA-GIALLA_compressed.pdf\">Scarica il foglio di sala<\/a><\/div>\n\n\n\n<div class=\"wp-block-button\"><a class=\"wp-block-button__link has-luminous-vivid-amber-background-color has-background wp-element-button\" href=\"https:\/\/atlantedelgiallo.unilink.it\/wp-content\/uploads\/2025\/03\/publicprogramme.pdf\">Scarica il Public Programme<\/a><\/div>\n<\/div>\n\n\n\n<p><\/p>\n","protected":false},"excerpt":{"rendered":"<p>I SENSI DEL GIALLO. IL CORPO (DEL REATO) TRA INGANNO ED EVIDENZAUniversit\u00e0 IULM, MilanoContemporary Exhibition Hall, IULM6via Carlo Bo 7, 20143, Milano14 Marzo &#8211; 10 Aprile 2025 La mostra I sensi del Giallo, curata dall\u2019unit\u00e0 di ricerca IULM in collaborazione con le altre unit\u00e0 di Roma, Bologna e Torino, presenta i risultati delle ricerche condotte [&hellip;]<\/p>\n","protected":false},"author":2,"featured_media":0,"parent":0,"menu_order":0,"comment_status":"closed","ping_status":"closed","template":"","meta":{"footnotes":""},"class_list":["post-27","page","type-page","status-publish","hentry"],"yoast_head":"<!-- This site is optimized with the Yoast SEO plugin v24.4 - https:\/\/yoast.com\/wordpress\/plugins\/seo\/ -->\n<title>- Atlante del giallo<\/title>\n<meta name=\"robots\" content=\"index, follow, max-snippet:-1, max-image-preview:large, max-video-preview:-1\" \/>\n<link rel=\"canonical\" href=\"https:\/\/atlantedelgiallo.unilink.it\/index.php\/la-mostra\/\" \/>\n<meta property=\"og:locale\" content=\"it_IT\" \/>\n<meta property=\"og:type\" content=\"article\" \/>\n<meta property=\"og:title\" content=\"- Atlante del giallo\" \/>\n<meta property=\"og:description\" content=\"I SENSI DEL GIALLO. IL CORPO (DEL REATO) TRA INGANNO ED EVIDENZAUniversit\u00e0 IULM, MilanoContemporary Exhibition Hall, IULM6via Carlo Bo 7, 20143, Milano14 Marzo &#8211; 10 Aprile 2025 La mostra I sensi del Giallo, curata dall\u2019unit\u00e0 di ricerca IULM in collaborazione con le altre unit\u00e0 di Roma, Bologna e Torino, presenta i risultati delle ricerche condotte [&hellip;]\" \/>\n<meta property=\"og:url\" content=\"https:\/\/atlantedelgiallo.unilink.it\/index.php\/la-mostra\/\" \/>\n<meta property=\"og:site_name\" content=\"Atlante del giallo\" \/>\n<meta property=\"article:modified_time\" content=\"2025-03-25T07:50:20+00:00\" \/>\n<meta property=\"og:image\" content=\"https:\/\/atlantedelgiallo.unilink.it\/wp-content\/uploads\/2022\/05\/negativo-colore.png\" \/>\n\t<meta property=\"og:image:width\" content=\"2122\" \/>\n\t<meta property=\"og:image:height\" content=\"1982\" \/>\n\t<meta property=\"og:image:type\" content=\"image\/png\" \/>\n<meta name=\"twitter:card\" content=\"summary_large_image\" \/>\n<script type=\"application\/ld+json\" class=\"yoast-schema-graph\">{\"@context\":\"https:\/\/schema.org\",\"@graph\":[{\"@type\":\"WebPage\",\"@id\":\"https:\/\/atlantedelgiallo.unilink.it\/index.php\/la-mostra\/\",\"url\":\"https:\/\/atlantedelgiallo.unilink.it\/index.php\/la-mostra\/\",\"name\":\"- Atlante del giallo\",\"isPartOf\":{\"@id\":\"https:\/\/atlantedelgiallo.unilink.it\/#website\"},\"datePublished\":\"2022-05-12T07:37:12+00:00\",\"dateModified\":\"2025-03-25T07:50:20+00:00\",\"inLanguage\":\"it-IT\",\"potentialAction\":[{\"@type\":\"ReadAction\",\"target\":[\"https:\/\/atlantedelgiallo.unilink.it\/index.php\/la-mostra\/\"]}]},{\"@type\":\"WebSite\",\"@id\":\"https:\/\/atlantedelgiallo.unilink.it\/#website\",\"url\":\"https:\/\/atlantedelgiallo.unilink.it\/\",\"name\":\"Atlante del giallo\",\"description\":\"Progetto Prin 2020\",\"publisher\":{\"@id\":\"https:\/\/atlantedelgiallo.unilink.it\/#organization\"},\"potentialAction\":[{\"@type\":\"SearchAction\",\"target\":{\"@type\":\"EntryPoint\",\"urlTemplate\":\"https:\/\/atlantedelgiallo.unilink.it\/?s={search_term_string}\"},\"query-input\":{\"@type\":\"PropertyValueSpecification\",\"valueRequired\":true,\"valueName\":\"search_term_string\"}}],\"inLanguage\":\"it-IT\"},{\"@type\":\"Organization\",\"@id\":\"https:\/\/atlantedelgiallo.unilink.it\/#organization\",\"name\":\"Atlante del giallo - Progetto Prin 2020\",\"url\":\"https:\/\/atlantedelgiallo.unilink.it\/\",\"logo\":{\"@type\":\"ImageObject\",\"inLanguage\":\"it-IT\",\"@id\":\"https:\/\/atlantedelgiallo.unilink.it\/#\/schema\/logo\/image\/\",\"url\":\"https:\/\/atlantedelgiallo.unilink.it\/wp-content\/uploads\/2022\/05\/negativo-colore-1.png\",\"contentUrl\":\"https:\/\/atlantedelgiallo.unilink.it\/wp-content\/uploads\/2022\/05\/negativo-colore-1.png\",\"width\":2122,\"height\":1982,\"caption\":\"Atlante del giallo - Progetto Prin 2020\"},\"image\":{\"@id\":\"https:\/\/atlantedelgiallo.unilink.it\/#\/schema\/logo\/image\/\"}}]}<\/script>\n<!-- \/ Yoast SEO plugin. -->","yoast_head_json":{"title":"- Atlante del giallo","robots":{"index":"index","follow":"follow","max-snippet":"max-snippet:-1","max-image-preview":"max-image-preview:large","max-video-preview":"max-video-preview:-1"},"canonical":"https:\/\/atlantedelgiallo.unilink.it\/index.php\/la-mostra\/","og_locale":"it_IT","og_type":"article","og_title":"- Atlante del giallo","og_description":"I SENSI DEL GIALLO. IL CORPO (DEL REATO) TRA INGANNO ED EVIDENZAUniversit\u00e0 IULM, MilanoContemporary Exhibition Hall, IULM6via Carlo Bo 7, 20143, Milano14 Marzo &#8211; 10 Aprile 2025 La mostra I sensi del Giallo, curata dall\u2019unit\u00e0 di ricerca IULM in collaborazione con le altre unit\u00e0 di Roma, Bologna e Torino, presenta i risultati delle ricerche condotte [&hellip;]","og_url":"https:\/\/atlantedelgiallo.unilink.it\/index.php\/la-mostra\/","og_site_name":"Atlante del giallo","article_modified_time":"2025-03-25T07:50:20+00:00","og_image":[{"width":2122,"height":1982,"url":"https:\/\/atlantedelgiallo.unilink.it\/wp-content\/uploads\/2022\/05\/negativo-colore.png","type":"image\/png"}],"twitter_card":"summary_large_image","schema":{"@context":"https:\/\/schema.org","@graph":[{"@type":"WebPage","@id":"https:\/\/atlantedelgiallo.unilink.it\/index.php\/la-mostra\/","url":"https:\/\/atlantedelgiallo.unilink.it\/index.php\/la-mostra\/","name":"- Atlante del giallo","isPartOf":{"@id":"https:\/\/atlantedelgiallo.unilink.it\/#website"},"datePublished":"2022-05-12T07:37:12+00:00","dateModified":"2025-03-25T07:50:20+00:00","inLanguage":"it-IT","potentialAction":[{"@type":"ReadAction","target":["https:\/\/atlantedelgiallo.unilink.it\/index.php\/la-mostra\/"]}]},{"@type":"WebSite","@id":"https:\/\/atlantedelgiallo.unilink.it\/#website","url":"https:\/\/atlantedelgiallo.unilink.it\/","name":"Atlante del giallo","description":"Progetto Prin 2020","publisher":{"@id":"https:\/\/atlantedelgiallo.unilink.it\/#organization"},"potentialAction":[{"@type":"SearchAction","target":{"@type":"EntryPoint","urlTemplate":"https:\/\/atlantedelgiallo.unilink.it\/?s={search_term_string}"},"query-input":{"@type":"PropertyValueSpecification","valueRequired":true,"valueName":"search_term_string"}}],"inLanguage":"it-IT"},{"@type":"Organization","@id":"https:\/\/atlantedelgiallo.unilink.it\/#organization","name":"Atlante del giallo - Progetto Prin 2020","url":"https:\/\/atlantedelgiallo.unilink.it\/","logo":{"@type":"ImageObject","inLanguage":"it-IT","@id":"https:\/\/atlantedelgiallo.unilink.it\/#\/schema\/logo\/image\/","url":"https:\/\/atlantedelgiallo.unilink.it\/wp-content\/uploads\/2022\/05\/negativo-colore-1.png","contentUrl":"https:\/\/atlantedelgiallo.unilink.it\/wp-content\/uploads\/2022\/05\/negativo-colore-1.png","width":2122,"height":1982,"caption":"Atlante del giallo - Progetto Prin 2020"},"image":{"@id":"https:\/\/atlantedelgiallo.unilink.it\/#\/schema\/logo\/image\/"}}]}},"_links":{"self":[{"href":"https:\/\/atlantedelgiallo.unilink.it\/index.php\/wp-json\/wp\/v2\/pages\/27","targetHints":{"allow":["GET"]}}],"collection":[{"href":"https:\/\/atlantedelgiallo.unilink.it\/index.php\/wp-json\/wp\/v2\/pages"}],"about":[{"href":"https:\/\/atlantedelgiallo.unilink.it\/index.php\/wp-json\/wp\/v2\/types\/page"}],"author":[{"embeddable":true,"href":"https:\/\/atlantedelgiallo.unilink.it\/index.php\/wp-json\/wp\/v2\/users\/2"}],"replies":[{"embeddable":true,"href":"https:\/\/atlantedelgiallo.unilink.it\/index.php\/wp-json\/wp\/v2\/comments?post=27"}],"version-history":[{"count":10,"href":"https:\/\/atlantedelgiallo.unilink.it\/index.php\/wp-json\/wp\/v2\/pages\/27\/revisions"}],"predecessor-version":[{"id":1412,"href":"https:\/\/atlantedelgiallo.unilink.it\/index.php\/wp-json\/wp\/v2\/pages\/27\/revisions\/1412"}],"wp:attachment":[{"href":"https:\/\/atlantedelgiallo.unilink.it\/index.php\/wp-json\/wp\/v2\/media?parent=27"}],"curies":[{"name":"wp","href":"https:\/\/api.w.org\/{rel}","templated":true}]}}